{"id":234,"date":"2018-08-15T15:42:14","date_gmt":"2018-08-15T08:42:14","guid":{"rendered":"https:\/\/mednovum.com.vn\/?page_id=234"},"modified":"2021-10-21T20:26:09","modified_gmt":"2021-10-21T13:26:09","slug":"cong-cu-phan-loai-trang-thiet-bi-y-te","status":"publish","type":"page","link":"http:\/\/mednovum.com.vn\/en\/medical-equipment-classification-tool\/","title":{"rendered":"Medical device risk classification tool"},"content":{"rendered":"<h4>C\u00f4ng c\u1ee5 ph\u00e2n lo\u1ea1i Trang thi\u1ebft b\u1ecb Y t\u1ebf t\u1ea1i Vi\u1ec7t Nam<\/h4>\n<p>C\u00f4ng c\u1ee5 Ph\u00e2n lo\u1ea1i Trang thi\u1ebft b\u1ecb y t\u1ebf \u1edf \u0111\u00e2y \u0111\u01b0\u1ee3c MEDNOVUM Vi\u1ec7t h\u00f3a v\u00e0 thi\u1ebft k\u1ebf ph\u00f9 h\u1ee3p v\u1edbi c\u00e1c quy \u0111\u1ecbnh chi ti\u1ebft v\u1ec1 ph\u00e2n lo\u1ea1i TTBYT m\u00e0 B\u1ed9 Y t\u1ebf Vi\u1ec7t Nam ban h\u00e0nh t\u1ea1i Th\u00f4ng t\u01b0 39\/2016\/TT-BYT ng\u00e0y 28\/10\/2016.<\/p>\n<p>B\u1eb1ng c\u00e1ch tr\u1ea3 l\u1eddi ch\u00ednh x\u00e1c c\u00e1c c\u00e2u h\u1ecfi \u0110\u00fang Sai c\u1ee7a C\u00f4ng c\u1ee5 Logic n\u00e0y, qu\u00fd v\u1ecb s\u1ebd bi\u1ebft \u0111\u01b0\u1ee3c TTBYT m\u00e0 qu\u00fd v\u1ecb quan t\u00e2m \u0111\u01b0\u1ee3c ph\u00e2n lo\u1ea1i r\u1ee7i ro A, B, C hay D khi l\u01b0u h\u00e0nh t\u1ea1i Vi\u1ec7t Nam. \u0110\u1ec3 c\u00f3 th\u1ec3 c\u00f3 \u0111\u01b0\u1ee3c \u0111\u00e1p \u00e1n h\u1eefu \u00edch, qu\u00fd v\u1ecb c\u1ea7n hi\u1ec3u bi\u1ebft c\u01a1 b\u1ea3n v\u1ec1 c\u00e1c th\u00f4ng s\u1ed1 k\u1ef9 thu\u1eadt v\u00e0 c\u00e1ch th\u1ee9c s\u1eed d\u1ee5ng \u0111\u01b0\u1ee3c ch\u1ec9 \u0111\u1ecbnh c\u1ee7a thi\u1ebft b\u1ecb c\u1ea7n ph\u00e2n lo\u1ea1i v\u00e0 tr\u1ea3 l\u1eddi t\u1ed1t nh\u1ea5t c\u00f3 th\u1ec3 c\u00e1c c\u00e2u h\u1ecfi c\u1ee7a C\u00f4ng c\u1ee5 Ph\u00e2n lo\u1ea1i Trang thi\u1ebft b\u1ecb y t\u1ebf.<\/p>\n<p>M\u1eb7c d\u00f9 ch\u00fang t\u00f4i \u0111\u00e3 c\u1ed1 g\u1eafng h\u1ebft s\u1ee9c \u0111\u1ec3 th\u00f4ng tin \u0111\u01b0\u1ee3c chu\u1ea9n x\u00e1c, ch\u00fang t\u00f4i kh\u00f4ng cam k\u1ebft ch\u1ecbu tr\u00e1ch nhi\u1ec7m v\u1ec1 k\u1ebft qu\u1ea3 ph\u00e2n lo\u1ea1i c\u1ee7a C\u00f4ng c\u1ee5 Ph\u00e2n lo\u1ea1i Trang thi\u1ebft b\u1ecb y t\u1ebf n\u00e0y. Trong tr\u01b0\u1eddng h\u1ee3p c\u1ea7n c\u00f3 k\u1ebft qu\u1ea3 ch\u00ednh th\u1ee9c cho m\u1ee5c \u0111\u00edch chu\u1ea9n b\u1ecb, so\u1ea1n th\u1ea3o h\u1ed3 s\u01a1 nh\u1eadp kh\u1ea9u ho\u1eb7c c\u00f4ng b\u1ed1 l\u01b0u h\u00e0nh, xin vui l\u00f2ng li\u00ean l\u1ea1c v\u1edbi MEDNOVUM \u0111\u1ec3 \u0111\u01b0\u1ee3c c\u00e1c chuy\u00ean gia c\u1ee7a ch\u00fang t\u00f4i t\u01b0 v\u1ea5n.<\/p>\n<p>&nbsp;<\/p>\n<p>Thanks!<\/p>","protected":false},"excerpt":{"rendered":"<p>C\u00f4ng c\u1ee5 ph\u00e2n lo\u1ea1i Trang thi\u1ebft b\u1ecb Y t\u1ebf t\u1ea1i Vi\u1ec7t Nam C\u00f4ng c\u1ee5 Ph\u00e2n lo\u1ea1i Trang thi\u1ebft b\u1ecb y t\u1ebf \u1edf \u0111\u00e2y \u0111\u01b0\u1ee3c MEDNOVUM Vi\u1ec7t h\u00f3a v\u00e0 thi\u1ebft k\u1ebf<\/p>","protected":false},"author":1,"featured_media":0,"parent":0,"menu_order":0,"comment_status":"closed","ping_status":"closed","template":"tool-check-medical-devices.php","meta":{"footnotes":""},"class_list":["post-234","page","type-page","status-publish","hentry"],"acf":[],"_links":{"self":[{"href":"http:\/\/mednovum.com.vn\/en\/wp-json\/wp\/v2\/pages\/234","targetHints":{"allow":["GET"]}}],"collection":[{"href":"http:\/\/mednovum.com.vn\/en\/wp-json\/wp\/v2\/pages"}],"about":[{"href":"http:\/\/mednovum.com.vn\/en\/wp-json\/wp\/v2\/types\/page"}],"author":[{"embeddable":true,"href":"http:\/\/mednovum.com.vn\/en\/wp-json\/wp\/v2\/users\/1"}],"replies":[{"embeddable":true,"href":"http:\/\/mednovum.com.vn\/en\/wp-json\/wp\/v2\/comments?post=234"}],"version-history":[{"count":0,"href":"http:\/\/mednovum.com.vn\/en\/wp-json\/wp\/v2\/pages\/234\/revisions"}],"wp:attachment":[{"href":"http:\/\/mednovum.com.vn\/en\/wp-json\/wp\/v2\/media?parent=234"}],"curies":[{"name":"wp","href":"https:\/\/api.w.org\/{rel}","templated":true}]}}